{"id":952,"date":"2022-11-14T10:30:01","date_gmt":"2022-11-14T08:30:01","guid":{"rendered":"https:\/\/elearning.steam4life.eu\/reset-password\/"},"modified":"2024-12-10T11:11:53","modified_gmt":"2024-12-10T09:11:53","slug":"zahteva-za-ponastavitev-gesla","status":"publish","type":"page","link":"https:\/\/elearning.steam4life.eu\/sl\/zahteva-za-ponastavitev-gesla\/","title":{"rendered":"Zahteva za ponastavitev gesla"},"content":{"rendered":"<h1>Zahteva za ponastavitev gesla<\/h1>\n<div>\n<p>Po\u0161ljite <span style=\"text-decoration: underline;\"><a href=\"mailto:admin@elearning.steam4life.eu?subject=Request Reset Password\"><strong>nam e-po\u0161to<\/strong><\/a><\/span> in navedite svoje uporabni\u0161ko ime ali e-po\u0161tni naslov.<\/p>\n<\/div>\n<p><!--more--><br \/>\n<!-- {\"type\":\"layout\",\"children\":[{\"type\":\"section\",\"props\":{\"animation\":\"fade\",\"height\":\"percent\",\"image_position\":\"center-center\",\"style\":\"default\",\"title_breakpoint\":\"xl\",\"title_position\":\"top-left\",\"title_rotation\":\"left\",\"vertical_align\":\"\",\"width\":\"default\"},\"children\":[{\"type\":\"row\",\"children\":[{\"type\":\"column\",\"props\":{\"image_position\":\"center-center\",\"media_overlay_gradient\":\"\",\"position_sticky_breakpoint\":\"m\"},\"children\":[{\"type\":\"headline\",\"props\":{\"content\":\"Zahteva za ponastavitev gesla\",\"title_color\":\"primary\",\"title_element\":\"h1\",\"title_style\":\"h1\"}},{\"type\":\"text\",\"props\":{\"column_breakpoint\":\"m\",\"content\":\"\n\n<p>Po\\u0161ljite <span style=\\\"text-decoration: underline;\\\"><a href=\\\"mailto:admin@elearning.steam4life.eu?subject=Request Reset Password\\\"><strong>nam e-po\\u0161to<\\\/strong><\\\/a><\\\/span> in navedite svoje uporabni\\u0161ko ime ali e-po\\u0161tni naslov.<\\\/p>\",\"margin\":\"default\",\"text_style\":\"meta\"}}]}]}],\"name\":\"Request Reset Password\"}],\"version\":\"3.0.10\"} --><\/p>\n","protected":false},"excerpt":{"rendered":"<p>Zahteva za ponastavitev gesla Po\u0161ljite nam e-po\u0161to in navedite svoje uporabni\u0161ko ime ali e-po\u0161tni naslov.<\/p>\n","protected":false},"author":1,"featured_media":0,"parent":0,"menu_order":0,"comment_status":"closed","ping_status":"closed","template":"","meta":{"_acf_changed":false,"footnotes":""},"class_list":["post-952","page","type-page","status-publish","hentry"],"acf":[],"_links":{"self":[{"href":"https:\/\/elearning.steam4life.eu\/sl\/wp-json\/wp\/v2\/pages\/952","targetHints":{"allow":["GET"]}}],"collection":[{"href":"https:\/\/elearning.steam4life.eu\/sl\/wp-json\/wp\/v2\/pages"}],"about":[{"href":"https:\/\/elearning.steam4life.eu\/sl\/wp-json\/wp\/v2\/types\/page"}],"author":[{"embeddable":true,"href":"https:\/\/elearning.steam4life.eu\/sl\/wp-json\/wp\/v2\/users\/1"}],"replies":[{"embeddable":true,"href":"https:\/\/elearning.steam4life.eu\/sl\/wp-json\/wp\/v2\/comments?post=952"}],"version-history":[{"count":3,"href":"https:\/\/elearning.steam4life.eu\/sl\/wp-json\/wp\/v2\/pages\/952\/revisions"}],"predecessor-version":[{"id":1616,"href":"https:\/\/elearning.steam4life.eu\/sl\/wp-json\/wp\/v2\/pages\/952\/revisions\/1616"}],"wp:attachment":[{"href":"https:\/\/elearning.steam4life.eu\/sl\/wp-json\/wp\/v2\/media?parent=952"}],"curies":[{"name":"wp","href":"https:\/\/api.w.org\/{rel}","templated":true}]}}